{"id":917,"date":"2025-05-26T13:22:22","date_gmt":"2025-05-26T16:22:22","guid":{"rendered":"https:\/\/trefimet.cl\/?post_type=product&#038;p=917"},"modified":"2025-05-26T13:22:22","modified_gmt":"2025-05-26T16:22:22","slug":"fast-conector-trefimet-fct","status":"publish","type":"product","link":"https:\/\/trefimet.cl\/en\/product\/fast-conector-trefimet-fct\/","title":{"rendered":"FAST CONECTOR TREFIMET FCT"},"content":{"rendered":"","protected":false},"excerpt":{"rendered":"<div class=\"et_pb_row et_pb_row_1\">\n<div class=\"et_pb_column et_pb_column_4_4 et_pb_column_1  et_pb_css_mix_blend_mode_passthrough et-last-child\">\n<div class=\"et_pb_module et_pb_text et_pb_text_3  et_pb_text_align_left et_pb_bg_layout_light\">\n<div class=\"et_pb_text_inner\">\n<p>Conector que permite acoplar f\u00e1cil y r\u00e1pidamente dos o m\u00e1s lanzas t\u00e9rmicas sin filtraciones de ox\u00edgeno. Gracias a su dise\u00f1o, el Fast Connector Trefimet (FCT) permite trabajar tanto en forma recta como flexible, manteniendo el sello de la uni\u00f3n entre las lanzas t\u00e9rmicas, sin que existan fugas de ox\u00edgeno.<\/p>\n<\/div>\n<\/div>\n<\/div>\n<\/div>\n<div class=\"et_pb_row et_pb_row_3 et_pb_gutters3\">\n<div class=\"et_pb_column et_pb_column_4_4 et_pb_column_2  et_pb_css_mix_blend_mode_passthrough et-last-child\">\n<div class=\"et_pb_module et_pb_text et_pb_text_4  et_pb_text_align_left et_pb_bg_layout_light\">\n<div class=\"et_pb_text_inner\"><\/div>\n<\/div>\n<\/div>\n<\/div>","protected":false},"featured_media":918,"template":"","meta":{"_acf_changed":false},"product_brand":[],"product_cat":[28],"product_tag":[],"class_list":{"0":"post-917","1":"product","2":"type-product","3":"status-publish","4":"has-post-thumbnail","6":"product_cat-easy-click","8":"first","9":"instock","10":"shipping-taxable","11":"product-type-simple"},"acf":[],"yoast_head":"<!-- This site is optimized with the Yoast SEO plugin v27.2 - https:\/\/yoast.com\/product\/yoast-seo-wordpress\/ -->\n<title>FAST CONECTOR TREFIMET FCT - Trefimet<\/title>\n<meta name=\"robots\" content=\"index, follow, max-snippet:-1, max-image-preview:large, max-video-preview:-1\" \/>\n<link rel=\"canonical\" href=\"https:\/\/trefimet.cl\/en\/producto\/fast-conector-trefimet-fct\/\" \/>\n<meta property=\"og:locale\" content=\"en_US\" \/>\n<meta property=\"og:type\" content=\"article\" \/>\n<meta property=\"og:title\" content=\"FAST CONECTOR TREFIMET FCT - Trefimet\" \/>\n<meta property=\"og:description\" content=\"Conector que permite acoplar f\u00e1cil y r\u00e1pidamente dos o m\u00e1s lanzas t\u00e9rmicas sin filtraciones de ox\u00edgeno. Gracias a su dise\u00f1o, el Fast Connector Trefimet (FCT) permite trabajar tanto en forma recta como flexible, manteniendo el sello de la uni\u00f3n entre las lanzas t\u00e9rmicas, sin que existan fugas de ox\u00edgeno.\" \/>\n<meta property=\"og:url\" content=\"https:\/\/trefimet.cl\/en\/producto\/fast-conector-trefimet-fct\/\" \/>\n<meta property=\"og:site_name\" content=\"Trefimet\" \/>\n<meta property=\"og:image\" content=\"https:\/\/trefimet.cl\/wp-content\/uploads\/2025\/05\/fct1.webp\" \/>\n\t<meta property=\"og:image:width\" content=\"1000\" \/>\n\t<meta property=\"og:image:height\" content=\"1000\" \/>\n\t<meta property=\"og:image:type\" content=\"image\/webp\" \/>\n<meta name=\"twitter:card\" content=\"summary_large_image\" \/>\n<script type=\"application\/ld+json\" class=\"yoast-schema-graph\">{\"@context\":\"https:\/\/schema.org\",\"@graph\":[{\"@type\":\"WebPage\",\"@id\":\"https:\/\/trefimet.cl\/producto\/fast-conector-trefimet-fct\/\",\"url\":\"https:\/\/trefimet.cl\/producto\/fast-conector-trefimet-fct\/\",\"name\":\"FAST CONECTOR TREFIMET FCT - Trefimet\",\"isPartOf\":{\"@id\":\"https:\/\/trefimet.cl\/#website\"},\"primaryImageOfPage\":{\"@id\":\"https:\/\/trefimet.cl\/producto\/fast-conector-trefimet-fct\/#primaryimage\"},\"image\":{\"@id\":\"https:\/\/trefimet.cl\/producto\/fast-conector-trefimet-fct\/#primaryimage\"},\"thumbnailUrl\":\"https:\/\/trefimet.cl\/wp-content\/uploads\/2025\/05\/fct1.webp\",\"datePublished\":\"2025-05-26T16:22:22+00:00\",\"breadcrumb\":{\"@id\":\"https:\/\/trefimet.cl\/producto\/fast-conector-trefimet-fct\/#breadcrumb\"},\"inLanguage\":\"en-US\",\"potentialAction\":[{\"@type\":\"ReadAction\",\"target\":[\"https:\/\/trefimet.cl\/producto\/fast-conector-trefimet-fct\/\"]}]},{\"@type\":\"ImageObject\",\"inLanguage\":\"en-US\",\"@id\":\"https:\/\/trefimet.cl\/producto\/fast-conector-trefimet-fct\/#primaryimage\",\"url\":\"https:\/\/trefimet.cl\/wp-content\/uploads\/2025\/05\/fct1.webp\",\"contentUrl\":\"https:\/\/trefimet.cl\/wp-content\/uploads\/2025\/05\/fct1.webp\",\"width\":1000,\"height\":1000},{\"@type\":\"BreadcrumbList\",\"@id\":\"https:\/\/trefimet.cl\/producto\/fast-conector-trefimet-fct\/#breadcrumb\",\"itemListElement\":[{\"@type\":\"ListItem\",\"position\":1,\"name\":\"Home\",\"item\":\"https:\/\/trefimet.cl\/\"},{\"@type\":\"ListItem\",\"position\":2,\"name\":\"Tienda\",\"item\":\"https:\/\/trefimet.cl\/?page_id=613\"},{\"@type\":\"ListItem\",\"position\":3,\"name\":\"FAST CONECTOR TREFIMET FCT\"}]},{\"@type\":\"WebSite\",\"@id\":\"https:\/\/trefimet.cl\/#website\",\"url\":\"https:\/\/trefimet.cl\/\",\"name\":\"Trefimet\",\"description\":\"\",\"publisher\":{\"@id\":\"https:\/\/trefimet.cl\/#organization\"},\"potentialAction\":[{\"@type\":\"SearchAction\",\"target\":{\"@type\":\"EntryPoint\",\"urlTemplate\":\"https:\/\/trefimet.cl\/?s={search_term_string}\"},\"query-input\":{\"@type\":\"PropertyValueSpecification\",\"valueRequired\":true,\"valueName\":\"search_term_string\"}}],\"inLanguage\":\"en-US\"},{\"@type\":\"Organization\",\"@id\":\"https:\/\/trefimet.cl\/#organization\",\"name\":\"Trefimet\",\"url\":\"https:\/\/trefimet.cl\/\",\"logo\":{\"@type\":\"ImageObject\",\"inLanguage\":\"en-US\",\"@id\":\"https:\/\/trefimet.cl\/#\/schema\/logo\/image\/\",\"url\":\"https:\/\/trefimet.cl\/wp-content\/uploads\/2025\/06\/logotrefimediano.webp\",\"contentUrl\":\"https:\/\/trefimet.cl\/wp-content\/uploads\/2025\/06\/logotrefimediano.webp\",\"width\":500,\"height\":250,\"caption\":\"Trefimet\"},\"image\":{\"@id\":\"https:\/\/trefimet.cl\/#\/schema\/logo\/image\/\"}}]}<\/script>\n<!-- \/ Yoast SEO plugin. -->","yoast_head_json":{"title":"FAST CONECTOR TREFIMET FCT - Trefimet","robots":{"index":"index","follow":"follow","max-snippet":"max-snippet:-1","max-image-preview":"max-image-preview:large","max-video-preview":"max-video-preview:-1"},"canonical":"https:\/\/trefimet.cl\/en\/producto\/fast-conector-trefimet-fct\/","og_locale":"en_US","og_type":"article","og_title":"FAST CONECTOR TREFIMET FCT - Trefimet","og_description":"Conector que permite acoplar f\u00e1cil y r\u00e1pidamente dos o m\u00e1s lanzas t\u00e9rmicas sin filtraciones de ox\u00edgeno. Gracias a su dise\u00f1o, el Fast Connector Trefimet (FCT) permite trabajar tanto en forma recta como flexible, manteniendo el sello de la uni\u00f3n entre las lanzas t\u00e9rmicas, sin que existan fugas de ox\u00edgeno.","og_url":"https:\/\/trefimet.cl\/en\/producto\/fast-conector-trefimet-fct\/","og_site_name":"Trefimet","og_image":[{"width":1000,"height":1000,"url":"https:\/\/trefimet.cl\/wp-content\/uploads\/2025\/05\/fct1.webp","type":"image\/webp"}],"twitter_card":"summary_large_image","schema":{"@context":"https:\/\/schema.org","@graph":[{"@type":"WebPage","@id":"https:\/\/trefimet.cl\/producto\/fast-conector-trefimet-fct\/","url":"https:\/\/trefimet.cl\/producto\/fast-conector-trefimet-fct\/","name":"FAST CONECTOR TREFIMET FCT - Trefimet","isPartOf":{"@id":"https:\/\/trefimet.cl\/#website"},"primaryImageOfPage":{"@id":"https:\/\/trefimet.cl\/producto\/fast-conector-trefimet-fct\/#primaryimage"},"image":{"@id":"https:\/\/trefimet.cl\/producto\/fast-conector-trefimet-fct\/#primaryimage"},"thumbnailUrl":"https:\/\/trefimet.cl\/wp-content\/uploads\/2025\/05\/fct1.webp","datePublished":"2025-05-26T16:22:22+00:00","breadcrumb":{"@id":"https:\/\/trefimet.cl\/producto\/fast-conector-trefimet-fct\/#breadcrumb"},"inLanguage":"en-US","potentialAction":[{"@type":"ReadAction","target":["https:\/\/trefimet.cl\/producto\/fast-conector-trefimet-fct\/"]}]},{"@type":"ImageObject","inLanguage":"en-US","@id":"https:\/\/trefimet.cl\/producto\/fast-conector-trefimet-fct\/#primaryimage","url":"https:\/\/trefimet.cl\/wp-content\/uploads\/2025\/05\/fct1.webp","contentUrl":"https:\/\/trefimet.cl\/wp-content\/uploads\/2025\/05\/fct1.webp","width":1000,"height":1000},{"@type":"BreadcrumbList","@id":"https:\/\/trefimet.cl\/producto\/fast-conector-trefimet-fct\/#breadcrumb","itemListElement":[{"@type":"ListItem","position":1,"name":"Home","item":"https:\/\/trefimet.cl\/"},{"@type":"ListItem","position":2,"name":"Tienda","item":"https:\/\/trefimet.cl\/?page_id=613"},{"@type":"ListItem","position":3,"name":"FAST CONECTOR TREFIMET FCT"}]},{"@type":"WebSite","@id":"https:\/\/trefimet.cl\/#website","url":"https:\/\/trefimet.cl\/","name":"Trefimet","description":"","publisher":{"@id":"https:\/\/trefimet.cl\/#organization"},"potentialAction":[{"@type":"SearchAction","target":{"@type":"EntryPoint","urlTemplate":"https:\/\/trefimet.cl\/?s={search_term_string}"},"query-input":{"@type":"PropertyValueSpecification","valueRequired":true,"valueName":"search_term_string"}}],"inLanguage":"en-US"},{"@type":"Organization","@id":"https:\/\/trefimet.cl\/#organization","name":"Trefimet","url":"https:\/\/trefimet.cl\/","logo":{"@type":"ImageObject","inLanguage":"en-US","@id":"https:\/\/trefimet.cl\/#\/schema\/logo\/image\/","url":"https:\/\/trefimet.cl\/wp-content\/uploads\/2025\/06\/logotrefimediano.webp","contentUrl":"https:\/\/trefimet.cl\/wp-content\/uploads\/2025\/06\/logotrefimediano.webp","width":500,"height":250,"caption":"Trefimet"},"image":{"@id":"https:\/\/trefimet.cl\/#\/schema\/logo\/image\/"}}]}},"_links":{"self":[{"href":"https:\/\/trefimet.cl\/en\/wp-json\/wp\/v2\/product\/917","targetHints":{"allow":["GET"]}}],"collection":[{"href":"https:\/\/trefimet.cl\/en\/wp-json\/wp\/v2\/product"}],"about":[{"href":"https:\/\/trefimet.cl\/en\/wp-json\/wp\/v2\/types\/product"}],"wp:featuredmedia":[{"embeddable":true,"href":"https:\/\/trefimet.cl\/en\/wp-json\/wp\/v2\/media\/918"}],"wp:attachment":[{"href":"https:\/\/trefimet.cl\/en\/wp-json\/wp\/v2\/media?parent=917"}],"wp:term":[{"taxonomy":"product_brand","embeddable":true,"href":"https:\/\/trefimet.cl\/en\/wp-json\/wp\/v2\/product_brand?post=917"},{"taxonomy":"product_cat","embeddable":true,"href":"https:\/\/trefimet.cl\/en\/wp-json\/wp\/v2\/product_cat?post=917"},{"taxonomy":"product_tag","embeddable":true,"href":"https:\/\/trefimet.cl\/en\/wp-json\/wp\/v2\/product_tag?post=917"}],"curies":[{"name":"wp","href":"https:\/\/api.w.org\/{rel}","templated":true}]}}