{"id":913,"date":"2025-05-26T13:20:55","date_gmt":"2025-05-26T16:20:55","guid":{"rendered":"https:\/\/trefimet.cl\/?post_type=product&#038;p=913"},"modified":"2025-05-26T13:20:55","modified_gmt":"2025-05-26T16:20:55","slug":"extension-para-lanzas-termicas-trefimet","status":"publish","type":"product","link":"https:\/\/trefimet.cl\/en\/product\/extension-para-lanzas-termicas-trefimet\/","title":{"rendered":"EXTENSI\u00d3N PARA LANZAS T\u00c9RMICAS TREFIMET"},"content":{"rendered":"","protected":false},"excerpt":{"rendered":"<div class=\"et_pb_row et_pb_row_1\">\n<div class=\"et_pb_column et_pb_column_4_4 et_pb_column_1  et_pb_css_mix_blend_mode_passthrough et-last-child\">\n<div class=\"et_pb_module et_pb_text et_pb_text_3  et_pb_text_align_left et_pb_bg_layout_light\">\n<div class=\"et_pb_text_inner\">\n<p>Especialmente dise\u00f1ada para el uso en fundiciones de acero. Esta extensi\u00f3n permite a los operadores acoplar la lanza t\u00e9rmica Trefimet, con lo cual se obtiene una distancia apropiada para que el operador se mantenga alejado de la exposici\u00f3n a altas temperaturas, de materiales incandescentes y los gases fugitivos.<\/p>\n<\/div>\n<\/div>\n<\/div>\n<\/div>","protected":false},"featured_media":914,"template":"","meta":{"_acf_changed":false},"product_brand":[],"product_cat":[27],"product_tag":[],"class_list":{"0":"post-913","1":"product","2":"type-product","3":"status-publish","4":"has-post-thumbnail","6":"product_cat-equipos-de-oxigeno","8":"first","9":"instock","10":"shipping-taxable","11":"product-type-simple"},"acf":[],"yoast_head":"<!-- This site is optimized with the Yoast SEO plugin v27.2 - https:\/\/yoast.com\/product\/yoast-seo-wordpress\/ -->\n<title>EXTENSI\u00d3N PARA LANZAS T\u00c9RMICAS TREFIMET - Trefimet<\/title>\n<meta name=\"robots\" content=\"index, follow, max-snippet:-1, max-image-preview:large, max-video-preview:-1\" \/>\n<link rel=\"canonical\" href=\"https:\/\/trefimet.cl\/en\/producto\/extension-para-lanzas-termicas-trefimet\/\" \/>\n<meta property=\"og:locale\" content=\"en_US\" \/>\n<meta property=\"og:type\" content=\"article\" \/>\n<meta property=\"og:title\" content=\"EXTENSI\u00d3N PARA LANZAS T\u00c9RMICAS TREFIMET - Trefimet\" \/>\n<meta property=\"og:description\" content=\"Especialmente dise\u00f1ada para el uso en fundiciones de acero. Esta extensi\u00f3n permite a los operadores acoplar la lanza t\u00e9rmica Trefimet, con lo cual se obtiene una distancia apropiada para que el operador se mantenga alejado de la exposici\u00f3n a altas temperaturas, de materiales incandescentes y los gases fugitivos.\" \/>\n<meta property=\"og:url\" content=\"https:\/\/trefimet.cl\/en\/producto\/extension-para-lanzas-termicas-trefimet\/\" \/>\n<meta property=\"og:site_name\" content=\"Trefimet\" \/>\n<meta property=\"og:image\" content=\"https:\/\/trefimet.cl\/wp-content\/uploads\/2025\/05\/EXTENSIONPRODUCTOS.webp\" \/>\n\t<meta property=\"og:image:width\" content=\"1000\" \/>\n\t<meta property=\"og:image:height\" content=\"1000\" \/>\n\t<meta property=\"og:image:type\" content=\"image\/webp\" \/>\n<meta name=\"twitter:card\" content=\"summary_large_image\" \/>\n<script type=\"application\/ld+json\" class=\"yoast-schema-graph\">{\"@context\":\"https:\/\/schema.org\",\"@graph\":[{\"@type\":\"WebPage\",\"@id\":\"https:\/\/trefimet.cl\/producto\/extension-para-lanzas-termicas-trefimet\/\",\"url\":\"https:\/\/trefimet.cl\/producto\/extension-para-lanzas-termicas-trefimet\/\",\"name\":\"EXTENSI\u00d3N PARA LANZAS T\u00c9RMICAS TREFIMET - Trefimet\",\"isPartOf\":{\"@id\":\"https:\/\/trefimet.cl\/#website\"},\"primaryImageOfPage\":{\"@id\":\"https:\/\/trefimet.cl\/producto\/extension-para-lanzas-termicas-trefimet\/#primaryimage\"},\"image\":{\"@id\":\"https:\/\/trefimet.cl\/producto\/extension-para-lanzas-termicas-trefimet\/#primaryimage\"},\"thumbnailUrl\":\"https:\/\/trefimet.cl\/wp-content\/uploads\/2025\/05\/EXTENSIONPRODUCTOS.webp\",\"datePublished\":\"2025-05-26T16:20:55+00:00\",\"breadcrumb\":{\"@id\":\"https:\/\/trefimet.cl\/producto\/extension-para-lanzas-termicas-trefimet\/#breadcrumb\"},\"inLanguage\":\"en-US\",\"potentialAction\":[{\"@type\":\"ReadAction\",\"target\":[\"https:\/\/trefimet.cl\/producto\/extension-para-lanzas-termicas-trefimet\/\"]}]},{\"@type\":\"ImageObject\",\"inLanguage\":\"en-US\",\"@id\":\"https:\/\/trefimet.cl\/producto\/extension-para-lanzas-termicas-trefimet\/#primaryimage\",\"url\":\"https:\/\/trefimet.cl\/wp-content\/uploads\/2025\/05\/EXTENSIONPRODUCTOS.webp\",\"contentUrl\":\"https:\/\/trefimet.cl\/wp-content\/uploads\/2025\/05\/EXTENSIONPRODUCTOS.webp\",\"width\":1000,\"height\":1000},{\"@type\":\"BreadcrumbList\",\"@id\":\"https:\/\/trefimet.cl\/producto\/extension-para-lanzas-termicas-trefimet\/#breadcrumb\",\"itemListElement\":[{\"@type\":\"ListItem\",\"position\":1,\"name\":\"Home\",\"item\":\"https:\/\/trefimet.cl\/\"},{\"@type\":\"ListItem\",\"position\":2,\"name\":\"Tienda\",\"item\":\"https:\/\/trefimet.cl\/?page_id=613\"},{\"@type\":\"ListItem\",\"position\":3,\"name\":\"EXTENSI\u00d3N PARA LANZAS T\u00c9RMICAS TREFIMET\"}]},{\"@type\":\"WebSite\",\"@id\":\"https:\/\/trefimet.cl\/#website\",\"url\":\"https:\/\/trefimet.cl\/\",\"name\":\"Trefimet\",\"description\":\"\",\"publisher\":{\"@id\":\"https:\/\/trefimet.cl\/#organization\"},\"potentialAction\":[{\"@type\":\"SearchAction\",\"target\":{\"@type\":\"EntryPoint\",\"urlTemplate\":\"https:\/\/trefimet.cl\/?s={search_term_string}\"},\"query-input\":{\"@type\":\"PropertyValueSpecification\",\"valueRequired\":true,\"valueName\":\"search_term_string\"}}],\"inLanguage\":\"en-US\"},{\"@type\":\"Organization\",\"@id\":\"https:\/\/trefimet.cl\/#organization\",\"name\":\"Trefimet\",\"url\":\"https:\/\/trefimet.cl\/\",\"logo\":{\"@type\":\"ImageObject\",\"inLanguage\":\"en-US\",\"@id\":\"https:\/\/trefimet.cl\/#\/schema\/logo\/image\/\",\"url\":\"https:\/\/trefimet.cl\/wp-content\/uploads\/2025\/06\/logotrefimediano.webp\",\"contentUrl\":\"https:\/\/trefimet.cl\/wp-content\/uploads\/2025\/06\/logotrefimediano.webp\",\"width\":500,\"height\":250,\"caption\":\"Trefimet\"},\"image\":{\"@id\":\"https:\/\/trefimet.cl\/#\/schema\/logo\/image\/\"}}]}<\/script>\n<!-- \/ Yoast SEO plugin. -->","yoast_head_json":{"title":"EXTENSI\u00d3N PARA LANZAS T\u00c9RMICAS TREFIMET - Trefimet","robots":{"index":"index","follow":"follow","max-snippet":"max-snippet:-1","max-image-preview":"max-image-preview:large","max-video-preview":"max-video-preview:-1"},"canonical":"https:\/\/trefimet.cl\/en\/producto\/extension-para-lanzas-termicas-trefimet\/","og_locale":"en_US","og_type":"article","og_title":"EXTENSI\u00d3N PARA LANZAS T\u00c9RMICAS TREFIMET - Trefimet","og_description":"Especialmente dise\u00f1ada para el uso en fundiciones de acero. Esta extensi\u00f3n permite a los operadores acoplar la lanza t\u00e9rmica Trefimet, con lo cual se obtiene una distancia apropiada para que el operador se mantenga alejado de la exposici\u00f3n a altas temperaturas, de materiales incandescentes y los gases fugitivos.","og_url":"https:\/\/trefimet.cl\/en\/producto\/extension-para-lanzas-termicas-trefimet\/","og_site_name":"Trefimet","og_image":[{"width":1000,"height":1000,"url":"https:\/\/trefimet.cl\/wp-content\/uploads\/2025\/05\/EXTENSIONPRODUCTOS.webp","type":"image\/webp"}],"twitter_card":"summary_large_image","schema":{"@context":"https:\/\/schema.org","@graph":[{"@type":"WebPage","@id":"https:\/\/trefimet.cl\/producto\/extension-para-lanzas-termicas-trefimet\/","url":"https:\/\/trefimet.cl\/producto\/extension-para-lanzas-termicas-trefimet\/","name":"EXTENSI\u00d3N PARA LANZAS T\u00c9RMICAS TREFIMET - Trefimet","isPartOf":{"@id":"https:\/\/trefimet.cl\/#website"},"primaryImageOfPage":{"@id":"https:\/\/trefimet.cl\/producto\/extension-para-lanzas-termicas-trefimet\/#primaryimage"},"image":{"@id":"https:\/\/trefimet.cl\/producto\/extension-para-lanzas-termicas-trefimet\/#primaryimage"},"thumbnailUrl":"https:\/\/trefimet.cl\/wp-content\/uploads\/2025\/05\/EXTENSIONPRODUCTOS.webp","datePublished":"2025-05-26T16:20:55+00:00","breadcrumb":{"@id":"https:\/\/trefimet.cl\/producto\/extension-para-lanzas-termicas-trefimet\/#breadcrumb"},"inLanguage":"en-US","potentialAction":[{"@type":"ReadAction","target":["https:\/\/trefimet.cl\/producto\/extension-para-lanzas-termicas-trefimet\/"]}]},{"@type":"ImageObject","inLanguage":"en-US","@id":"https:\/\/trefimet.cl\/producto\/extension-para-lanzas-termicas-trefimet\/#primaryimage","url":"https:\/\/trefimet.cl\/wp-content\/uploads\/2025\/05\/EXTENSIONPRODUCTOS.webp","contentUrl":"https:\/\/trefimet.cl\/wp-content\/uploads\/2025\/05\/EXTENSIONPRODUCTOS.webp","width":1000,"height":1000},{"@type":"BreadcrumbList","@id":"https:\/\/trefimet.cl\/producto\/extension-para-lanzas-termicas-trefimet\/#breadcrumb","itemListElement":[{"@type":"ListItem","position":1,"name":"Home","item":"https:\/\/trefimet.cl\/"},{"@type":"ListItem","position":2,"name":"Tienda","item":"https:\/\/trefimet.cl\/?page_id=613"},{"@type":"ListItem","position":3,"name":"EXTENSI\u00d3N PARA LANZAS T\u00c9RMICAS TREFIMET"}]},{"@type":"WebSite","@id":"https:\/\/trefimet.cl\/#website","url":"https:\/\/trefimet.cl\/","name":"Trefimet","description":"","publisher":{"@id":"https:\/\/trefimet.cl\/#organization"},"potentialAction":[{"@type":"SearchAction","target":{"@type":"EntryPoint","urlTemplate":"https:\/\/trefimet.cl\/?s={search_term_string}"},"query-input":{"@type":"PropertyValueSpecification","valueRequired":true,"valueName":"search_term_string"}}],"inLanguage":"en-US"},{"@type":"Organization","@id":"https:\/\/trefimet.cl\/#organization","name":"Trefimet","url":"https:\/\/trefimet.cl\/","logo":{"@type":"ImageObject","inLanguage":"en-US","@id":"https:\/\/trefimet.cl\/#\/schema\/logo\/image\/","url":"https:\/\/trefimet.cl\/wp-content\/uploads\/2025\/06\/logotrefimediano.webp","contentUrl":"https:\/\/trefimet.cl\/wp-content\/uploads\/2025\/06\/logotrefimediano.webp","width":500,"height":250,"caption":"Trefimet"},"image":{"@id":"https:\/\/trefimet.cl\/#\/schema\/logo\/image\/"}}]}},"_links":{"self":[{"href":"https:\/\/trefimet.cl\/en\/wp-json\/wp\/v2\/product\/913","targetHints":{"allow":["GET"]}}],"collection":[{"href":"https:\/\/trefimet.cl\/en\/wp-json\/wp\/v2\/product"}],"about":[{"href":"https:\/\/trefimet.cl\/en\/wp-json\/wp\/v2\/types\/product"}],"wp:featuredmedia":[{"embeddable":true,"href":"https:\/\/trefimet.cl\/en\/wp-json\/wp\/v2\/media\/914"}],"wp:attachment":[{"href":"https:\/\/trefimet.cl\/en\/wp-json\/wp\/v2\/media?parent=913"}],"wp:term":[{"taxonomy":"product_brand","embeddable":true,"href":"https:\/\/trefimet.cl\/en\/wp-json\/wp\/v2\/product_brand?post=913"},{"taxonomy":"product_cat","embeddable":true,"href":"https:\/\/trefimet.cl\/en\/wp-json\/wp\/v2\/product_cat?post=913"},{"taxonomy":"product_tag","embeddable":true,"href":"https:\/\/trefimet.cl\/en\/wp-json\/wp\/v2\/product_tag?post=913"}],"curies":[{"name":"wp","href":"https:\/\/api.w.org\/{rel}","templated":true}]}}