{"id":903,"date":"2025-05-26T13:14:56","date_gmt":"2025-05-26T16:14:56","guid":{"rendered":"https:\/\/trefimet.cl\/?post_type=product&#038;p=903"},"modified":"2025-08-11T22:47:04","modified_gmt":"2025-08-12T01:47:04","slug":"ceroxi","status":"publish","type":"product","link":"https:\/\/trefimet.cl\/en\/product\/ceroxi\/","title":{"rendered":"CEROXI"},"content":{"rendered":"","protected":false},"excerpt":{"rendered":"<div class=\"et_pb_module et_pb_text et_pb_text_3 et_pb_text_align_left et_pb_bg_layout_light\">\n<div class=\"et_pb_text_inner\">\n<p>La Ceroxi es una varilla de ox\u00edgeno especialmente dise\u00f1ada para procesos de insuflaci\u00f3n. Gracias a su revestimiento con material refractario, ofrece una mayor durabilidad y resistencia a altas temperaturas.<\/p>\n<p>Est\u00e1 especialmente dise\u00f1ada para la limpieza de cucharas, destacando por su eficiencia en entornos industriales exigentes. Tambi\u00e9n puede ser utilizada en operaciones de insuflaci\u00f3n de ox\u00edgeno.<\/p>\n<\/div>\n<\/div>","protected":false},"featured_media":904,"template":"","meta":{"_acf_changed":false},"product_brand":[],"product_cat":[26,33],"product_tag":[],"class_list":{"0":"post-903","1":"product","2":"type-product","3":"status-publish","4":"has-post-thumbnail","6":"product_cat-lanzas-termicas","7":"product_cat-standar","9":"first","10":"instock","11":"shipping-taxable","12":"product-type-simple"},"acf":[],"yoast_head":"<!-- This site is optimized with the Yoast SEO plugin v27.2 - https:\/\/yoast.com\/product\/yoast-seo-wordpress\/ -->\n<title>CEROXI - Trefimet<\/title>\n<meta name=\"robots\" content=\"index, follow, max-snippet:-1, max-image-preview:large, max-video-preview:-1\" \/>\n<link rel=\"canonical\" href=\"https:\/\/trefimet.cl\/en\/producto\/ceroxi\/\" \/>\n<meta property=\"og:locale\" content=\"en_US\" \/>\n<meta property=\"og:type\" content=\"article\" \/>\n<meta property=\"og:title\" content=\"CEROXI - Trefimet\" \/>\n<meta property=\"og:description\" content=\"La Ceroxi es una varilla de ox\u00edgeno especialmente dise\u00f1ada para procesos de insuflaci\u00f3n. Gracias a su revestimiento con material refractario, ofrece una mayor durabilidad y resistencia a altas temperaturas.  Est\u00e1 especialmente dise\u00f1ada para la limpieza de cucharas, destacando por su eficiencia en entornos industriales exigentes. Tambi\u00e9n puede ser utilizada en operaciones de insuflaci\u00f3n de ox\u00edgeno.\" \/>\n<meta property=\"og:url\" content=\"https:\/\/trefimet.cl\/en\/producto\/ceroxi\/\" \/>\n<meta property=\"og:site_name\" content=\"Trefimet\" \/>\n<meta property=\"article:modified_time\" content=\"2025-08-12T01:47:04+00:00\" \/>\n<meta property=\"og:image\" content=\"https:\/\/trefimet.cl\/wp-content\/uploads\/2025\/05\/CEROXINEW.webp\" \/>\n\t<meta property=\"og:image:width\" content=\"1000\" \/>\n\t<meta property=\"og:image:height\" content=\"1000\" \/>\n\t<meta property=\"og:image:type\" content=\"image\/webp\" \/>\n<meta name=\"twitter:card\" content=\"summary_large_image\" \/>\n<script type=\"application\/ld+json\" class=\"yoast-schema-graph\">{\"@context\":\"https:\/\/schema.org\",\"@graph\":[{\"@type\":\"WebPage\",\"@id\":\"https:\/\/trefimet.cl\/producto\/ceroxi\/\",\"url\":\"https:\/\/trefimet.cl\/producto\/ceroxi\/\",\"name\":\"CEROXI - Trefimet\",\"isPartOf\":{\"@id\":\"https:\/\/trefimet.cl\/#website\"},\"primaryImageOfPage\":{\"@id\":\"https:\/\/trefimet.cl\/producto\/ceroxi\/#primaryimage\"},\"image\":{\"@id\":\"https:\/\/trefimet.cl\/producto\/ceroxi\/#primaryimage\"},\"thumbnailUrl\":\"https:\/\/trefimet.cl\/wp-content\/uploads\/2025\/05\/CEROXINEW.webp\",\"datePublished\":\"2025-05-26T16:14:56+00:00\",\"dateModified\":\"2025-08-12T01:47:04+00:00\",\"breadcrumb\":{\"@id\":\"https:\/\/trefimet.cl\/producto\/ceroxi\/#breadcrumb\"},\"inLanguage\":\"en-US\",\"potentialAction\":[{\"@type\":\"ReadAction\",\"target\":[\"https:\/\/trefimet.cl\/producto\/ceroxi\/\"]}]},{\"@type\":\"ImageObject\",\"inLanguage\":\"en-US\",\"@id\":\"https:\/\/trefimet.cl\/producto\/ceroxi\/#primaryimage\",\"url\":\"https:\/\/trefimet.cl\/wp-content\/uploads\/2025\/05\/CEROXINEW.webp\",\"contentUrl\":\"https:\/\/trefimet.cl\/wp-content\/uploads\/2025\/05\/CEROXINEW.webp\",\"width\":1000,\"height\":1000},{\"@type\":\"BreadcrumbList\",\"@id\":\"https:\/\/trefimet.cl\/producto\/ceroxi\/#breadcrumb\",\"itemListElement\":[{\"@type\":\"ListItem\",\"position\":1,\"name\":\"Home\",\"item\":\"https:\/\/trefimet.cl\/\"},{\"@type\":\"ListItem\",\"position\":2,\"name\":\"Tienda\",\"item\":\"https:\/\/trefimet.cl\/?page_id=613\"},{\"@type\":\"ListItem\",\"position\":3,\"name\":\"CEROXI\"}]},{\"@type\":\"WebSite\",\"@id\":\"https:\/\/trefimet.cl\/#website\",\"url\":\"https:\/\/trefimet.cl\/\",\"name\":\"Trefimet\",\"description\":\"\",\"publisher\":{\"@id\":\"https:\/\/trefimet.cl\/#organization\"},\"potentialAction\":[{\"@type\":\"SearchAction\",\"target\":{\"@type\":\"EntryPoint\",\"urlTemplate\":\"https:\/\/trefimet.cl\/?s={search_term_string}\"},\"query-input\":{\"@type\":\"PropertyValueSpecification\",\"valueRequired\":true,\"valueName\":\"search_term_string\"}}],\"inLanguage\":\"en-US\"},{\"@type\":\"Organization\",\"@id\":\"https:\/\/trefimet.cl\/#organization\",\"name\":\"Trefimet\",\"url\":\"https:\/\/trefimet.cl\/\",\"logo\":{\"@type\":\"ImageObject\",\"inLanguage\":\"en-US\",\"@id\":\"https:\/\/trefimet.cl\/#\/schema\/logo\/image\/\",\"url\":\"https:\/\/trefimet.cl\/wp-content\/uploads\/2025\/06\/logotrefimediano.webp\",\"contentUrl\":\"https:\/\/trefimet.cl\/wp-content\/uploads\/2025\/06\/logotrefimediano.webp\",\"width\":500,\"height\":250,\"caption\":\"Trefimet\"},\"image\":{\"@id\":\"https:\/\/trefimet.cl\/#\/schema\/logo\/image\/\"}}]}<\/script>\n<!-- \/ Yoast SEO plugin. -->","yoast_head_json":{"title":"CEROXI - Trefimet","robots":{"index":"index","follow":"follow","max-snippet":"max-snippet:-1","max-image-preview":"max-image-preview:large","max-video-preview":"max-video-preview:-1"},"canonical":"https:\/\/trefimet.cl\/en\/producto\/ceroxi\/","og_locale":"en_US","og_type":"article","og_title":"CEROXI - Trefimet","og_description":"La Ceroxi es una varilla de ox\u00edgeno especialmente dise\u00f1ada para procesos de insuflaci\u00f3n. Gracias a su revestimiento con material refractario, ofrece una mayor durabilidad y resistencia a altas temperaturas.  Est\u00e1 especialmente dise\u00f1ada para la limpieza de cucharas, destacando por su eficiencia en entornos industriales exigentes. Tambi\u00e9n puede ser utilizada en operaciones de insuflaci\u00f3n de ox\u00edgeno.","og_url":"https:\/\/trefimet.cl\/en\/producto\/ceroxi\/","og_site_name":"Trefimet","article_modified_time":"2025-08-12T01:47:04+00:00","og_image":[{"width":1000,"height":1000,"url":"https:\/\/trefimet.cl\/wp-content\/uploads\/2025\/05\/CEROXINEW.webp","type":"image\/webp"}],"twitter_card":"summary_large_image","schema":{"@context":"https:\/\/schema.org","@graph":[{"@type":"WebPage","@id":"https:\/\/trefimet.cl\/producto\/ceroxi\/","url":"https:\/\/trefimet.cl\/producto\/ceroxi\/","name":"CEROXI - Trefimet","isPartOf":{"@id":"https:\/\/trefimet.cl\/#website"},"primaryImageOfPage":{"@id":"https:\/\/trefimet.cl\/producto\/ceroxi\/#primaryimage"},"image":{"@id":"https:\/\/trefimet.cl\/producto\/ceroxi\/#primaryimage"},"thumbnailUrl":"https:\/\/trefimet.cl\/wp-content\/uploads\/2025\/05\/CEROXINEW.webp","datePublished":"2025-05-26T16:14:56+00:00","dateModified":"2025-08-12T01:47:04+00:00","breadcrumb":{"@id":"https:\/\/trefimet.cl\/producto\/ceroxi\/#breadcrumb"},"inLanguage":"en-US","potentialAction":[{"@type":"ReadAction","target":["https:\/\/trefimet.cl\/producto\/ceroxi\/"]}]},{"@type":"ImageObject","inLanguage":"en-US","@id":"https:\/\/trefimet.cl\/producto\/ceroxi\/#primaryimage","url":"https:\/\/trefimet.cl\/wp-content\/uploads\/2025\/05\/CEROXINEW.webp","contentUrl":"https:\/\/trefimet.cl\/wp-content\/uploads\/2025\/05\/CEROXINEW.webp","width":1000,"height":1000},{"@type":"BreadcrumbList","@id":"https:\/\/trefimet.cl\/producto\/ceroxi\/#breadcrumb","itemListElement":[{"@type":"ListItem","position":1,"name":"Home","item":"https:\/\/trefimet.cl\/"},{"@type":"ListItem","position":2,"name":"Tienda","item":"https:\/\/trefimet.cl\/?page_id=613"},{"@type":"ListItem","position":3,"name":"CEROXI"}]},{"@type":"WebSite","@id":"https:\/\/trefimet.cl\/#website","url":"https:\/\/trefimet.cl\/","name":"Trefimet","description":"","publisher":{"@id":"https:\/\/trefimet.cl\/#organization"},"potentialAction":[{"@type":"SearchAction","target":{"@type":"EntryPoint","urlTemplate":"https:\/\/trefimet.cl\/?s={search_term_string}"},"query-input":{"@type":"PropertyValueSpecification","valueRequired":true,"valueName":"search_term_string"}}],"inLanguage":"en-US"},{"@type":"Organization","@id":"https:\/\/trefimet.cl\/#organization","name":"Trefimet","url":"https:\/\/trefimet.cl\/","logo":{"@type":"ImageObject","inLanguage":"en-US","@id":"https:\/\/trefimet.cl\/#\/schema\/logo\/image\/","url":"https:\/\/trefimet.cl\/wp-content\/uploads\/2025\/06\/logotrefimediano.webp","contentUrl":"https:\/\/trefimet.cl\/wp-content\/uploads\/2025\/06\/logotrefimediano.webp","width":500,"height":250,"caption":"Trefimet"},"image":{"@id":"https:\/\/trefimet.cl\/#\/schema\/logo\/image\/"}}]}},"_links":{"self":[{"href":"https:\/\/trefimet.cl\/en\/wp-json\/wp\/v2\/product\/903","targetHints":{"allow":["GET"]}}],"collection":[{"href":"https:\/\/trefimet.cl\/en\/wp-json\/wp\/v2\/product"}],"about":[{"href":"https:\/\/trefimet.cl\/en\/wp-json\/wp\/v2\/types\/product"}],"wp:featuredmedia":[{"embeddable":true,"href":"https:\/\/trefimet.cl\/en\/wp-json\/wp\/v2\/media\/904"}],"wp:attachment":[{"href":"https:\/\/trefimet.cl\/en\/wp-json\/wp\/v2\/media?parent=903"}],"wp:term":[{"taxonomy":"product_brand","embeddable":true,"href":"https:\/\/trefimet.cl\/en\/wp-json\/wp\/v2\/product_brand?post=903"},{"taxonomy":"product_cat","embeddable":true,"href":"https:\/\/trefimet.cl\/en\/wp-json\/wp\/v2\/product_cat?post=903"},{"taxonomy":"product_tag","embeddable":true,"href":"https:\/\/trefimet.cl\/en\/wp-json\/wp\/v2\/product_tag?post=903"}],"curies":[{"name":"wp","href":"https:\/\/api.w.org\/{rel}","templated":true}]}}