{"id":901,"date":"2025-05-26T13:14:13","date_gmt":"2025-05-26T16:14:13","guid":{"rendered":"https:\/\/trefimet.cl\/?post_type=product&#038;p=901"},"modified":"2025-10-09T11:26:20","modified_gmt":"2025-10-09T14:26:20","slug":"oxiflama","status":"publish","type":"product","link":"https:\/\/trefimet.cl\/en\/product\/oxiflama\/","title":{"rendered":"OXIFLAMA"},"content":{"rendered":"","protected":false},"excerpt":{"rendered":"<p>La Oxiflama es nuestra varilla de ox\u00edgeno m\u00e1s tradicional, utilizada durante d\u00e9cadas en procesos de corte por fusi\u00f3n en diversas industrias a nivel global.<\/p>\n<p>Dise\u00f1ada para operaciones exigentes, es ideal para tareas de corte en miner\u00eda, construcci\u00f3n, fundiciones y demoliciones.<\/p>","protected":false},"featured_media":902,"template":"","meta":{"_acf_changed":false},"product_brand":[],"product_cat":[26,33],"product_tag":[],"class_list":{"0":"post-901","1":"product","2":"type-product","3":"status-publish","4":"has-post-thumbnail","6":"product_cat-lanzas-termicas","7":"product_cat-standar","9":"first","10":"instock","11":"shipping-taxable","12":"product-type-simple"},"acf":[],"yoast_head":"<!-- This site is optimized with the Yoast SEO plugin v27.2 - https:\/\/yoast.com\/product\/yoast-seo-wordpress\/ -->\n<title>OXIFLAMA - Trefimet<\/title>\n<meta name=\"robots\" content=\"index, follow, max-snippet:-1, max-image-preview:large, max-video-preview:-1\" \/>\n<link rel=\"canonical\" href=\"https:\/\/trefimet.cl\/en\/producto\/oxiflama\/\" \/>\n<meta property=\"og:locale\" content=\"en_US\" \/>\n<meta property=\"og:type\" content=\"article\" \/>\n<meta property=\"og:title\" content=\"OXIFLAMA - Trefimet\" \/>\n<meta property=\"og:description\" content=\"La Oxiflama es nuestra varilla de ox\u00edgeno m\u00e1s tradicional, utilizada durante d\u00e9cadas en procesos de corte por fusi\u00f3n en diversas industrias a nivel global.  Dise\u00f1ada para operaciones exigentes, es ideal para tareas de corte en miner\u00eda, construcci\u00f3n, fundiciones y demoliciones.\" \/>\n<meta property=\"og:url\" content=\"https:\/\/trefimet.cl\/en\/producto\/oxiflama\/\" \/>\n<meta property=\"og:site_name\" content=\"Trefimet\" \/>\n<meta property=\"article:modified_time\" content=\"2025-10-09T14:26:20+00:00\" \/>\n<meta property=\"og:image\" content=\"https:\/\/trefimet.cl\/wp-content\/uploads\/2025\/05\/OXIFLAMA.webp\" \/>\n\t<meta property=\"og:image:width\" content=\"1000\" \/>\n\t<meta property=\"og:image:height\" content=\"1000\" \/>\n\t<meta property=\"og:image:type\" content=\"image\/webp\" \/>\n<meta name=\"twitter:card\" content=\"summary_large_image\" \/>\n<script type=\"application\/ld+json\" class=\"yoast-schema-graph\">{\"@context\":\"https:\/\/schema.org\",\"@graph\":[{\"@type\":\"WebPage\",\"@id\":\"https:\/\/trefimet.cl\/producto\/oxiflama\/\",\"url\":\"https:\/\/trefimet.cl\/producto\/oxiflama\/\",\"name\":\"OXIFLAMA - Trefimet\",\"isPartOf\":{\"@id\":\"https:\/\/trefimet.cl\/#website\"},\"primaryImageOfPage\":{\"@id\":\"https:\/\/trefimet.cl\/producto\/oxiflama\/#primaryimage\"},\"image\":{\"@id\":\"https:\/\/trefimet.cl\/producto\/oxiflama\/#primaryimage\"},\"thumbnailUrl\":\"https:\/\/trefimet.cl\/wp-content\/uploads\/2025\/05\/OXIFLAMA.webp\",\"datePublished\":\"2025-05-26T16:14:13+00:00\",\"dateModified\":\"2025-10-09T14:26:20+00:00\",\"breadcrumb\":{\"@id\":\"https:\/\/trefimet.cl\/producto\/oxiflama\/#breadcrumb\"},\"inLanguage\":\"en-US\",\"potentialAction\":[{\"@type\":\"ReadAction\",\"target\":[\"https:\/\/trefimet.cl\/producto\/oxiflama\/\"]}]},{\"@type\":\"ImageObject\",\"inLanguage\":\"en-US\",\"@id\":\"https:\/\/trefimet.cl\/producto\/oxiflama\/#primaryimage\",\"url\":\"https:\/\/trefimet.cl\/wp-content\/uploads\/2025\/05\/OXIFLAMA.webp\",\"contentUrl\":\"https:\/\/trefimet.cl\/wp-content\/uploads\/2025\/05\/OXIFLAMA.webp\",\"width\":1000,\"height\":1000},{\"@type\":\"BreadcrumbList\",\"@id\":\"https:\/\/trefimet.cl\/producto\/oxiflama\/#breadcrumb\",\"itemListElement\":[{\"@type\":\"ListItem\",\"position\":1,\"name\":\"Home\",\"item\":\"https:\/\/trefimet.cl\/\"},{\"@type\":\"ListItem\",\"position\":2,\"name\":\"Tienda\",\"item\":\"https:\/\/trefimet.cl\/?page_id=613\"},{\"@type\":\"ListItem\",\"position\":3,\"name\":\"OXIFLAMA\"}]},{\"@type\":\"WebSite\",\"@id\":\"https:\/\/trefimet.cl\/#website\",\"url\":\"https:\/\/trefimet.cl\/\",\"name\":\"Trefimet\",\"description\":\"\",\"publisher\":{\"@id\":\"https:\/\/trefimet.cl\/#organization\"},\"potentialAction\":[{\"@type\":\"SearchAction\",\"target\":{\"@type\":\"EntryPoint\",\"urlTemplate\":\"https:\/\/trefimet.cl\/?s={search_term_string}\"},\"query-input\":{\"@type\":\"PropertyValueSpecification\",\"valueRequired\":true,\"valueName\":\"search_term_string\"}}],\"inLanguage\":\"en-US\"},{\"@type\":\"Organization\",\"@id\":\"https:\/\/trefimet.cl\/#organization\",\"name\":\"Trefimet\",\"url\":\"https:\/\/trefimet.cl\/\",\"logo\":{\"@type\":\"ImageObject\",\"inLanguage\":\"en-US\",\"@id\":\"https:\/\/trefimet.cl\/#\/schema\/logo\/image\/\",\"url\":\"https:\/\/trefimet.cl\/wp-content\/uploads\/2025\/06\/logotrefimediano.webp\",\"contentUrl\":\"https:\/\/trefimet.cl\/wp-content\/uploads\/2025\/06\/logotrefimediano.webp\",\"width\":500,\"height\":250,\"caption\":\"Trefimet\"},\"image\":{\"@id\":\"https:\/\/trefimet.cl\/#\/schema\/logo\/image\/\"}}]}<\/script>\n<!-- \/ Yoast SEO plugin. -->","yoast_head_json":{"title":"OXIFLAMA - Trefimet","robots":{"index":"index","follow":"follow","max-snippet":"max-snippet:-1","max-image-preview":"max-image-preview:large","max-video-preview":"max-video-preview:-1"},"canonical":"https:\/\/trefimet.cl\/en\/producto\/oxiflama\/","og_locale":"en_US","og_type":"article","og_title":"OXIFLAMA - Trefimet","og_description":"La Oxiflama es nuestra varilla de ox\u00edgeno m\u00e1s tradicional, utilizada durante d\u00e9cadas en procesos de corte por fusi\u00f3n en diversas industrias a nivel global.  Dise\u00f1ada para operaciones exigentes, es ideal para tareas de corte en miner\u00eda, construcci\u00f3n, fundiciones y demoliciones.","og_url":"https:\/\/trefimet.cl\/en\/producto\/oxiflama\/","og_site_name":"Trefimet","article_modified_time":"2025-10-09T14:26:20+00:00","og_image":[{"width":1000,"height":1000,"url":"https:\/\/trefimet.cl\/wp-content\/uploads\/2025\/05\/OXIFLAMA.webp","type":"image\/webp"}],"twitter_card":"summary_large_image","schema":{"@context":"https:\/\/schema.org","@graph":[{"@type":"WebPage","@id":"https:\/\/trefimet.cl\/producto\/oxiflama\/","url":"https:\/\/trefimet.cl\/producto\/oxiflama\/","name":"OXIFLAMA - Trefimet","isPartOf":{"@id":"https:\/\/trefimet.cl\/#website"},"primaryImageOfPage":{"@id":"https:\/\/trefimet.cl\/producto\/oxiflama\/#primaryimage"},"image":{"@id":"https:\/\/trefimet.cl\/producto\/oxiflama\/#primaryimage"},"thumbnailUrl":"https:\/\/trefimet.cl\/wp-content\/uploads\/2025\/05\/OXIFLAMA.webp","datePublished":"2025-05-26T16:14:13+00:00","dateModified":"2025-10-09T14:26:20+00:00","breadcrumb":{"@id":"https:\/\/trefimet.cl\/producto\/oxiflama\/#breadcrumb"},"inLanguage":"en-US","potentialAction":[{"@type":"ReadAction","target":["https:\/\/trefimet.cl\/producto\/oxiflama\/"]}]},{"@type":"ImageObject","inLanguage":"en-US","@id":"https:\/\/trefimet.cl\/producto\/oxiflama\/#primaryimage","url":"https:\/\/trefimet.cl\/wp-content\/uploads\/2025\/05\/OXIFLAMA.webp","contentUrl":"https:\/\/trefimet.cl\/wp-content\/uploads\/2025\/05\/OXIFLAMA.webp","width":1000,"height":1000},{"@type":"BreadcrumbList","@id":"https:\/\/trefimet.cl\/producto\/oxiflama\/#breadcrumb","itemListElement":[{"@type":"ListItem","position":1,"name":"Home","item":"https:\/\/trefimet.cl\/"},{"@type":"ListItem","position":2,"name":"Tienda","item":"https:\/\/trefimet.cl\/?page_id=613"},{"@type":"ListItem","position":3,"name":"OXIFLAMA"}]},{"@type":"WebSite","@id":"https:\/\/trefimet.cl\/#website","url":"https:\/\/trefimet.cl\/","name":"Trefimet","description":"","publisher":{"@id":"https:\/\/trefimet.cl\/#organization"},"potentialAction":[{"@type":"SearchAction","target":{"@type":"EntryPoint","urlTemplate":"https:\/\/trefimet.cl\/?s={search_term_string}"},"query-input":{"@type":"PropertyValueSpecification","valueRequired":true,"valueName":"search_term_string"}}],"inLanguage":"en-US"},{"@type":"Organization","@id":"https:\/\/trefimet.cl\/#organization","name":"Trefimet","url":"https:\/\/trefimet.cl\/","logo":{"@type":"ImageObject","inLanguage":"en-US","@id":"https:\/\/trefimet.cl\/#\/schema\/logo\/image\/","url":"https:\/\/trefimet.cl\/wp-content\/uploads\/2025\/06\/logotrefimediano.webp","contentUrl":"https:\/\/trefimet.cl\/wp-content\/uploads\/2025\/06\/logotrefimediano.webp","width":500,"height":250,"caption":"Trefimet"},"image":{"@id":"https:\/\/trefimet.cl\/#\/schema\/logo\/image\/"}}]}},"_links":{"self":[{"href":"https:\/\/trefimet.cl\/en\/wp-json\/wp\/v2\/product\/901","targetHints":{"allow":["GET"]}}],"collection":[{"href":"https:\/\/trefimet.cl\/en\/wp-json\/wp\/v2\/product"}],"about":[{"href":"https:\/\/trefimet.cl\/en\/wp-json\/wp\/v2\/types\/product"}],"wp:featuredmedia":[{"embeddable":true,"href":"https:\/\/trefimet.cl\/en\/wp-json\/wp\/v2\/media\/902"}],"wp:attachment":[{"href":"https:\/\/trefimet.cl\/en\/wp-json\/wp\/v2\/media?parent=901"}],"wp:term":[{"taxonomy":"product_brand","embeddable":true,"href":"https:\/\/trefimet.cl\/en\/wp-json\/wp\/v2\/product_brand?post=901"},{"taxonomy":"product_cat","embeddable":true,"href":"https:\/\/trefimet.cl\/en\/wp-json\/wp\/v2\/product_cat?post=901"},{"taxonomy":"product_tag","embeddable":true,"href":"https:\/\/trefimet.cl\/en\/wp-json\/wp\/v2\/product_tag?post=901"}],"curies":[{"name":"wp","href":"https:\/\/api.w.org\/{rel}","templated":true}]}}