{"id":3152,"date":"2026-04-13T18:50:21","date_gmt":"2026-04-13T21:50:21","guid":{"rendered":"https:\/\/trefimet.cl\/?page_id=3152"},"modified":"2026-04-22T14:50:39","modified_gmt":"2026-04-22T17:50:39","slug":"politica-de-prevencion-de-delitos","status":"publish","type":"page","link":"https:\/\/trefimet.cl\/en\/politica-de-prevencion-de-delitos\/","title":{"rendered":"Crime Prevention Policy"},"content":{"rendered":"<style>.elementor-3152 .elementor-element.elementor-element-92e13c1{--display:flex;--flex-direction:column;--container-widget-width:100%;--container-widget-height:initial;--container-widget-flex-grow:0;--container-widget-align-self:initial;--flex-wrap-mobile:wrap;--padding-top:3%;--padding-bottom:3%;--padding-left:8%;--padding-right:8%;}.elementor-3152 .elementor-element.elementor-element-92e13c1:not(.elementor-motion-effects-element-type-background), .elementor-3152 .elementor-element.elementor-element-92e13c1 > .elementor-motion-effects-container > .elementor-motion-effects-layer{background-color:#111013;}.elementor-3152 .elementor-element.elementor-element-862889a{--display:flex;}.elementor-widget-divider{--divider-color:var( --e-global-color-secondary );}.elementor-widget-divider .elementor-divider__text{color:var( --e-global-color-secondary );font-family:var( --e-global-typography-secondary-font-family ), Sans-serif;font-weight:var( --e-global-typography-secondary-font-weight );}.elementor-widget-divider.elementor-view-stacked .elementor-icon{background-color:var( --e-global-color-secondary );}.elementor-widget-divider.elementor-view-framed .elementor-icon, .elementor-widget-divider.elementor-view-default .elementor-icon{color:var( --e-global-color-secondary );border-color:var( --e-global-color-secondary );}.elementor-widget-divider.elementor-view-framed .elementor-icon, .elementor-widget-divider.elementor-view-default .elementor-icon svg{fill:var( --e-global-color-secondary );}.elementor-3152 .elementor-element.elementor-element-318a637{--divider-border-style:solid;--divider-color:#F28020;--divider-border-width:3px;}.elementor-3152 .elementor-element.elementor-element-318a637 .elementor-divider-separator{width:10%;margin:0 auto;margin-left:0;}.elementor-3152 .elementor-element.elementor-element-318a637 .elementor-divider{text-align:left;padding-block-start:8px;padding-block-end:8px;}.elementor-widget-heading .elementor-heading-title{font-family:var( --e-global-typography-primary-font-family ), Sans-serif;font-weight:var( --e-global-typography-primary-font-weight );color:var( --e-global-color-primary );}.elementor-3152 .elementor-element.elementor-element-8d349b4{text-align:start;}.elementor-3152 .elementor-element.elementor-element-8d349b4 .elementor-heading-title{font-family:\"Montserrat\", Sans-serif;font-size:3em;font-weight:800;text-transform:uppercase;color:#FFFFFF;}.elementor-3152 .elementor-element.elementor-element-e91a4f2{--display:flex;--padding-top:50px;--padding-bottom:50px;--padding-left:0px;--padding-right:0px;}.elementor-widget-text-editor{font-family:var( --e-global-typography-text-font-family ), Sans-serif;font-weight:var( --e-global-typography-text-font-weight );color:var( --e-global-color-text );}.elementor-widget-text-editor.elementor-drop-cap-view-stacked .elementor-drop-cap{background-color:var( --e-global-color-primary );}.elementor-widget-text-editor.elementor-drop-cap-view-framed .elementor-drop-cap, .elementor-widget-text-editor.elementor-drop-cap-view-default .elementor-drop-cap{color:var( --e-global-color-primary );border-color:var( --e-global-color-primary );}.elementor-3152 .elementor-element.elementor-element-b2d7789{text-align:start;font-family:\"Montserrat\", Sans-serif;font-size:1em;line-height:1.7em;color:#111013;}.elementor-widget-button .elementor-button{font-family:var( --e-global-typography-accent-font-family ), Sans-serif;font-weight:var( --e-global-typography-accent-font-weight );background-color:var( --e-global-color-accent );}.elementor-3152 .elementor-element.elementor-element-f84137f .elementor-button-content-wrapper{flex-direction:row-reverse;}.elementor-3152 .elementor-element.elementor-element-f84137f .elementor-button .elementor-button-content-wrapper{gap:15px;}.elementor-3152 .elementor-element.elementor-element-f84137f .elementor-button{font-family:\"Montserrat\", Sans-serif;font-size:20px;font-weight:600;text-transform:uppercase;font-style:normal;text-decoration:none;line-height:1em;letter-spacing:0px;fill:#EC7F0B;color:#EC7F0B;background-color:#D6212100;border-style:solid;border-width:0px 0px 2px 0px;border-color:#EC7F0B;border-radius:0px 0px 0px 0px;padding:20px 0px 5px 0px;}.elementor-3152 .elementor-element.elementor-element-f84137f .elementor-button:hover, .elementor-3152 .elementor-element.elementor-element-f84137f .elementor-button:focus{color:#EC7F0B;border-color:#FFFFFF;}.elementor-3152 .elementor-element.elementor-element-f84137f .elementor-button:hover svg, .elementor-3152 .elementor-element.elementor-element-f84137f .elementor-button:focus svg{fill:#EC7F0B;}.elementor-3152 .elementor-element.elementor-element-f84137f > .elementor-widget-container{margin:0px 0px 0px 0px;}.elementor-3152 .elementor-element.elementor-element-dc167b2 .elementor-button-content-wrapper{flex-direction:row-reverse;}.elementor-3152 .elementor-element.elementor-element-dc167b2 .elementor-button .elementor-button-content-wrapper{gap:15px;}.elementor-3152 .elementor-element.elementor-element-dc167b2 .elementor-button{font-family:\"Montserrat\", Sans-serif;font-size:20px;font-weight:600;text-transform:uppercase;font-style:normal;text-decoration:none;line-height:1em;letter-spacing:0px;fill:#EC7F0B;color:#EC7F0B;background-color:#D6212100;border-style:solid;border-width:0px 0px 2px 0px;border-color:#EC7F0B;border-radius:0px 0px 0px 0px;padding:20px 0px 5px 0px;}.elementor-3152 .elementor-element.elementor-element-dc167b2 .elementor-button:hover, .elementor-3152 .elementor-element.elementor-element-dc167b2 .elementor-button:focus{color:#EC7F0B;border-color:#FFFFFF;}.elementor-3152 .elementor-element.elementor-element-dc167b2 .elementor-button:hover svg, .elementor-3152 .elementor-element.elementor-element-dc167b2 .elementor-button:focus svg{fill:#EC7F0B;}.elementor-3152 .elementor-element.elementor-element-dc167b2 > .elementor-widget-container{margin:0px 0px 0px 0px;}:root{--page-title-display:none;}@media(max-width:1024px){.elementor-3152 .elementor-element.elementor-element-8d349b4 .elementor-heading-title{font-size:2em;}}@media(max-width:767px){.elementor-3152 .elementor-element.elementor-element-8d349b4{text-align:center;}.elementor-3152 .elementor-element.elementor-element-8d349b4 .elementor-heading-title{font-size:2.5em;}.elementor-3152 .elementor-element.elementor-element-b2d7789{text-align:center;font-size:1em;}.elementor-3152 .elementor-element.elementor-element-f84137f .elementor-button{font-size:14px;}.elementor-3152 .elementor-element.elementor-element-f84137f > .elementor-widget-container{margin:0px 0px 0px 0px;padding:0px 0px 0px 0px;}.elementor-3152 .elementor-element.elementor-element-f84137f{width:100%;max-width:100%;}.elementor-3152 .elementor-element.elementor-element-f84137f.elementor-element{--align-self:flex-start;}.elementor-3152 .elementor-element.elementor-element-dc167b2 .elementor-button{font-size:14px;}.elementor-3152 .elementor-element.elementor-element-dc167b2 > .elementor-widget-container{margin:0px 0px 0px 0px;padding:0px 0px 0px 0px;}.elementor-3152 .elementor-element.elementor-element-dc167b2{width:100%;max-width:100%;}.elementor-3152 .elementor-element.elementor-element-dc167b2.elementor-element{--align-self:flex-start;}}<\/style>\t\t<div data-elementor-type=\"wp-page\" data-elementor-id=\"3152\" class=\"elementor elementor-3152\" data-elementor-post-type=\"page\">\n\t\t\t\t<div class=\"elementor-element elementor-element-92e13c1 e-con-full e-flex e-con e-parent\" data-id=\"92e13c1\" data-element_type=\"container\" data-e-type=\"container\" data-settings=\"{&quot;background_background&quot;:&quot;classic&quot;}\">\n\t\t<div class=\"elementor-element elementor-element-862889a e-con-full e-flex e-con e-child\" data-id=\"862889a\" data-element_type=\"container\" data-e-type=\"container\">\n\t\t\t\t<div class=\"elementor-element elementor-element-318a637 elementor-widget-divider--view-line elementor-widget elementor-widget-divider\" data-id=\"318a637\" data-element_type=\"widget\" data-e-type=\"widget\" data-widget_type=\"divider.default\">\n\t\t\t\t<div class=\"elementor-widget-container\">\n\t\t\t\t\t\t\t<div class=\"elementor-divider\">\n\t\t\t<span class=\"elementor-divider-separator\">\n\t\t\t\t\t\t<\/span>\n\t\t<\/div>\n\t\t\t\t\t\t<\/div>\n\t\t\t\t<\/div>\n\t\t\t\t<div class=\"elementor-element elementor-element-8d349b4 elementor-widget elementor-widget-heading\" data-id=\"8d349b4\" data-element_type=\"widget\" data-e-type=\"widget\" data-widget_type=\"heading.default\">\n\t\t\t\t<div class=\"elementor-widget-container\">\n\t\t\t\t\t<h2 class=\"elementor-heading-title elementor-size-default\">Crime Prevention Policy<\/h2>\t\t\t\t<\/div>\n\t\t\t\t<\/div>\n\t\t\t\t<\/div>\n\t\t\t\t<\/div>\n\t\t<div class=\"elementor-element elementor-element-e91a4f2 e-flex e-con-boxed e-con e-parent\" data-id=\"e91a4f2\" data-element_type=\"container\" data-e-type=\"container\">\n\t\t\t\t\t<div class=\"e-con-inner\">\n\t\t\t\t<div class=\"elementor-element elementor-element-b2d7789 elementor-widget elementor-widget-text-editor\" data-id=\"b2d7789\" data-element_type=\"widget\" data-e-type=\"widget\" data-widget_type=\"text-editor.default\">\n\t\t\t\t<div class=\"elementor-widget-container\">\n\t\t\t\t\t\t\t\t\t<p><br \/>TREFIMET S.A. (hereinafter \u201cTREFIMET\u201d) is a Chilean company with more than two decades of experience dedicated to the design, development, and manufacture of thermal lances, lance holders, and related products for the mining and metallurgical industries. Its business model is based on constant innovation, research and development (R&amp;D), and the integration of high-precision technological solutions that provide efficiency, safety, and sustainability to its customers in Chile and abroad.<\/p><p>The company takes pride in its contribution to the development of safe work environments, promoting a secure and ethical workplace for its employees and a trustworthy environment for its clients, as well as recognizing the importance of preventing any conduct that could violate applicable laws, particularly Law No. 20,393 on the Criminal Liability of Legal Entities (hereinafter, the \u201cLaw\u201d).<\/p><p>For this reason, TREFIMET has implemented a Crime Prevention Policy that aims to formalize the Crime Prevention Model (hereinafter, \u201cCPM\u201d) the organization has implemented in compliance with Article 4 of the Law, which seeks to ensure that all operations are conducted in accordance with ethical and legal principles, thereby mitigating the risks associated with the commission of crimes. This Policy establishes a clear framework for control, oversight, and reporting, enabling the company to effectively identify and manage risks that may arise in its daily operations.<\/p><p>TREFIMET\u2019s commitment to regulatory compliance and crime prevention not only strengthens its reputation in the market but also bolsters the trust of its partners, customers, and the community. The company\u2019s crime prevention model is based on the proactive identification and management of risks, ensuring that any conduct contrary to business ethics or the law is investigated and sanctioned in accordance with its internal procedures and applicable laws.<\/p>\t\t\t\t\t\t\t\t<\/div>\n\t\t\t\t<\/div>\n\t\t\t\t<div class=\"elementor-element elementor-element-f84137f elementor-mobile-align-left elementor-widget-mobile__width-inherit elementor-widget elementor-widget-button\" data-id=\"f84137f\" data-element_type=\"widget\" data-e-type=\"widget\" data-widget_type=\"button.default\">\n\t\t\t\t<div class=\"elementor-widget-container\">\n\t\t\t\t\t\t\t\t\t<div class=\"elementor-button-wrapper\">\n\t\t\t\t\t<a class=\"elementor-button elementor-button-link elementor-size-sm elementor-animation-grow\" href=\"\/wp-content\/uploads\/2026\/04\/Politica-de-Prevencion-de-Delitos-FIRMADA.pdf\" target=\"_blank\">\n\t\t\t\t\t\t<span class=\"elementor-button-content-wrapper\">\n\t\t\t\t\t\t<span class=\"elementor-button-icon\">\n\t\t\t\t<svg xmlns=\"http:\/\/www.w3.org\/2000\/svg\" id=\"e7693ca5-bf76-42df-999c-dbc3066cda9e\" data-name=\"Layer 1\" width=\"21.3525\" height=\"10.7197\" viewbox=\"0 0 21.3525 10.7197\"><polygon points=\"21 5.229 21.343 4.865 16.165 0 15.479 0.729 19.737 4.729 0 4.729 0 5.729 19.786 5.729 15.47 10.009 16.175 10.72 21.353 5.584 21 5.229\"><\/polygon><\/svg>\t\t\t<\/span>\n\t\t\t\t\t\t\t\t\t<span class=\"elementor-button-text\">Download Policy<\/span>\n\t\t\t\t\t<\/span>\n\t\t\t\t\t<\/a>\n\t\t\t\t<\/div>\n\t\t\t\t\t\t\t\t<\/div>\n\t\t\t\t<\/div>\n\t\t\t\t<div class=\"elementor-element elementor-element-dc167b2 elementor-mobile-align-left elementor-widget-mobile__width-inherit elementor-widget elementor-widget-button\" data-id=\"dc167b2\" data-element_type=\"widget\" data-e-type=\"widget\" data-widget_type=\"button.default\">\n\t\t\t\t<div class=\"elementor-widget-container\">\n\t\t\t\t\t\t\t\t\t<div class=\"elementor-button-wrapper\">\n\t\t\t\t\t<a class=\"elementor-button elementor-button-link elementor-size-sm elementor-animation-grow\" href=\"\/en\/denuncias\/\" target=\"_blank\">\n\t\t\t\t\t\t<span class=\"elementor-button-content-wrapper\">\n\t\t\t\t\t\t<span class=\"elementor-button-icon\">\n\t\t\t\t<svg xmlns=\"http:\/\/www.w3.org\/2000\/svg\" id=\"e7693ca5-bf76-42df-999c-dbc3066cda9e\" data-name=\"Layer 1\" width=\"21.3525\" height=\"10.7197\" viewbox=\"0 0 21.3525 10.7197\"><polygon points=\"21 5.229 21.343 4.865 16.165 0 15.479 0.729 19.737 4.729 0 4.729 0 5.729 19.786 5.729 15.47 10.009 16.175 10.72 21.353 5.584 21 5.229\"><\/polygon><\/svg>\t\t\t<\/span>\n\t\t\t\t\t\t\t\t\t<span class=\"elementor-button-text\">Go to the complaint form<\/span>\n\t\t\t\t\t<\/span>\n\t\t\t\t\t<\/a>\n\t\t\t\t<\/div>\n\t\t\t\t\t\t\t\t<\/div>\n\t\t\t\t<\/div>\n\t\t\t\t\t<\/div>\n\t\t\t\t<\/div>\n\t\t\t\t<\/div>","protected":false},"excerpt":{"rendered":"<p>TREFIMET S.A. (en adelante, \u201cTREFIMET&#8221;) es una empresa chilena con m\u00e1s de dos d\u00e9cadas de experiencia dedicada al dise\u00f1o, desarrollo y fabricaci\u00f3n de lanzas t\u00e9rmicas, portalanzas y productos afines para la industria minera y metal\u00fargica. Su modelo de negocio se sustenta en la innovaci\u00f3n constante, la investigaci\u00f3n y desarrollo (I+D), y la integraci\u00f3n de soluciones [&hellip;]<\/p>\n","protected":false},"author":1,"featured_media":0,"parent":0,"menu_order":0,"comment_status":"closed","ping_status":"closed","template":"","meta":{"_acf_changed":false,"footnotes":""},"class_list":["post-3152","page","type-page","status-publish","hentry"],"acf":[],"yoast_head":"<!-- This site is optimized with the Yoast SEO plugin v27.2 - https:\/\/yoast.com\/product\/yoast-seo-wordpress\/ -->\n<title>Pol\u00edtica de prevenci\u00f3n de delitos - Trefimet<\/title>\n<meta name=\"robots\" content=\"index, follow, max-snippet:-1, max-image-preview:large, max-video-preview:-1\" \/>\n<link rel=\"canonical\" href=\"https:\/\/trefimet.cl\/en\/politica-de-prevencion-de-delitos\/\" \/>\n<meta property=\"og:locale\" content=\"en_US\" \/>\n<meta property=\"og:type\" content=\"article\" \/>\n<meta property=\"og:title\" content=\"Pol\u00edtica de prevenci\u00f3n de delitos - Trefimet\" \/>\n<meta property=\"og:description\" content=\"TREFIMET S.A. (en adelante, \u201cTREFIMET&#8221;) es una empresa chilena con m\u00e1s de dos d\u00e9cadas de experiencia dedicada al dise\u00f1o, desarrollo y fabricaci\u00f3n de lanzas t\u00e9rmicas, portalanzas y productos afines para la industria minera y metal\u00fargica. Su modelo de negocio se sustenta en la innovaci\u00f3n constante, la investigaci\u00f3n y desarrollo (I+D), y la integraci\u00f3n de soluciones [&hellip;]\" \/>\n<meta property=\"og:url\" content=\"https:\/\/trefimet.cl\/en\/politica-de-prevencion-de-delitos\/\" \/>\n<meta property=\"og:site_name\" content=\"Trefimet\" \/>\n<meta property=\"article:modified_time\" content=\"2026-04-22T17:50:39+00:00\" \/>\n<meta name=\"twitter:card\" content=\"summary_large_image\" \/>\n<meta name=\"twitter:label1\" content=\"Est. reading time\" \/>\n\t<meta name=\"twitter:data1\" content=\"2 minutes\" \/>\n<script type=\"application\/ld+json\" class=\"yoast-schema-graph\">{\"@context\":\"https:\/\/schema.org\",\"@graph\":[{\"@type\":\"WebPage\",\"@id\":\"https:\/\/trefimet.cl\/politica-de-prevencion-de-delitos\/\",\"url\":\"https:\/\/trefimet.cl\/politica-de-prevencion-de-delitos\/\",\"name\":\"Pol\u00edtica de prevenci\u00f3n de delitos - Trefimet\",\"isPartOf\":{\"@id\":\"https:\/\/trefimet.cl\/#website\"},\"datePublished\":\"2026-04-13T21:50:21+00:00\",\"dateModified\":\"2026-04-22T17:50:39+00:00\",\"breadcrumb\":{\"@id\":\"https:\/\/trefimet.cl\/politica-de-prevencion-de-delitos\/#breadcrumb\"},\"inLanguage\":\"en-US\",\"potentialAction\":[{\"@type\":\"ReadAction\",\"target\":[\"https:\/\/trefimet.cl\/politica-de-prevencion-de-delitos\/\"]}]},{\"@type\":\"BreadcrumbList\",\"@id\":\"https:\/\/trefimet.cl\/politica-de-prevencion-de-delitos\/#breadcrumb\",\"itemListElement\":[{\"@type\":\"ListItem\",\"position\":1,\"name\":\"Home\",\"item\":\"https:\/\/trefimet.cl\/\"},{\"@type\":\"ListItem\",\"position\":2,\"name\":\"Pol\u00edtica de prevenci\u00f3n de delitos\"}]},{\"@type\":\"WebSite\",\"@id\":\"https:\/\/trefimet.cl\/#website\",\"url\":\"https:\/\/trefimet.cl\/\",\"name\":\"Trefimet\",\"description\":\"\",\"publisher\":{\"@id\":\"https:\/\/trefimet.cl\/#organization\"},\"potentialAction\":[{\"@type\":\"SearchAction\",\"target\":{\"@type\":\"EntryPoint\",\"urlTemplate\":\"https:\/\/trefimet.cl\/?s={search_term_string}\"},\"query-input\":{\"@type\":\"PropertyValueSpecification\",\"valueRequired\":true,\"valueName\":\"search_term_string\"}}],\"inLanguage\":\"en-US\"},{\"@type\":\"Organization\",\"@id\":\"https:\/\/trefimet.cl\/#organization\",\"name\":\"Trefimet\",\"url\":\"https:\/\/trefimet.cl\/\",\"logo\":{\"@type\":\"ImageObject\",\"inLanguage\":\"en-US\",\"@id\":\"https:\/\/trefimet.cl\/#\/schema\/logo\/image\/\",\"url\":\"https:\/\/trefimet.cl\/wp-content\/uploads\/2025\/06\/logotrefimediano.webp\",\"contentUrl\":\"https:\/\/trefimet.cl\/wp-content\/uploads\/2025\/06\/logotrefimediano.webp\",\"width\":500,\"height\":250,\"caption\":\"Trefimet\"},\"image\":{\"@id\":\"https:\/\/trefimet.cl\/#\/schema\/logo\/image\/\"}}]}<\/script>\n<!-- \/ Yoast SEO plugin. -->","yoast_head_json":{"title":"Pol\u00edtica de prevenci\u00f3n de delitos - Trefimet","robots":{"index":"index","follow":"follow","max-snippet":"max-snippet:-1","max-image-preview":"max-image-preview:large","max-video-preview":"max-video-preview:-1"},"canonical":"https:\/\/trefimet.cl\/en\/politica-de-prevencion-de-delitos\/","og_locale":"en_US","og_type":"article","og_title":"Pol\u00edtica de prevenci\u00f3n de delitos - Trefimet","og_description":"TREFIMET S.A. (en adelante, \u201cTREFIMET&#8221;) es una empresa chilena con m\u00e1s de dos d\u00e9cadas de experiencia dedicada al dise\u00f1o, desarrollo y fabricaci\u00f3n de lanzas t\u00e9rmicas, portalanzas y productos afines para la industria minera y metal\u00fargica. Su modelo de negocio se sustenta en la innovaci\u00f3n constante, la investigaci\u00f3n y desarrollo (I+D), y la integraci\u00f3n de soluciones [&hellip;]","og_url":"https:\/\/trefimet.cl\/en\/politica-de-prevencion-de-delitos\/","og_site_name":"Trefimet","article_modified_time":"2026-04-22T17:50:39+00:00","twitter_card":"summary_large_image","twitter_misc":{"Est. reading time":"2 minutes"},"schema":{"@context":"https:\/\/schema.org","@graph":[{"@type":"WebPage","@id":"https:\/\/trefimet.cl\/politica-de-prevencion-de-delitos\/","url":"https:\/\/trefimet.cl\/politica-de-prevencion-de-delitos\/","name":"Pol\u00edtica de prevenci\u00f3n de delitos - Trefimet","isPartOf":{"@id":"https:\/\/trefimet.cl\/#website"},"datePublished":"2026-04-13T21:50:21+00:00","dateModified":"2026-04-22T17:50:39+00:00","breadcrumb":{"@id":"https:\/\/trefimet.cl\/politica-de-prevencion-de-delitos\/#breadcrumb"},"inLanguage":"en-US","potentialAction":[{"@type":"ReadAction","target":["https:\/\/trefimet.cl\/politica-de-prevencion-de-delitos\/"]}]},{"@type":"BreadcrumbList","@id":"https:\/\/trefimet.cl\/politica-de-prevencion-de-delitos\/#breadcrumb","itemListElement":[{"@type":"ListItem","position":1,"name":"Home","item":"https:\/\/trefimet.cl\/"},{"@type":"ListItem","position":2,"name":"Pol\u00edtica de prevenci\u00f3n de delitos"}]},{"@type":"WebSite","@id":"https:\/\/trefimet.cl\/#website","url":"https:\/\/trefimet.cl\/","name":"Trefimet","description":"","publisher":{"@id":"https:\/\/trefimet.cl\/#organization"},"potentialAction":[{"@type":"SearchAction","target":{"@type":"EntryPoint","urlTemplate":"https:\/\/trefimet.cl\/?s={search_term_string}"},"query-input":{"@type":"PropertyValueSpecification","valueRequired":true,"valueName":"search_term_string"}}],"inLanguage":"en-US"},{"@type":"Organization","@id":"https:\/\/trefimet.cl\/#organization","name":"Trefimet","url":"https:\/\/trefimet.cl\/","logo":{"@type":"ImageObject","inLanguage":"en-US","@id":"https:\/\/trefimet.cl\/#\/schema\/logo\/image\/","url":"https:\/\/trefimet.cl\/wp-content\/uploads\/2025\/06\/logotrefimediano.webp","contentUrl":"https:\/\/trefimet.cl\/wp-content\/uploads\/2025\/06\/logotrefimediano.webp","width":500,"height":250,"caption":"Trefimet"},"image":{"@id":"https:\/\/trefimet.cl\/#\/schema\/logo\/image\/"}}]}},"_links":{"self":[{"href":"https:\/\/trefimet.cl\/en\/wp-json\/wp\/v2\/pages\/3152","targetHints":{"allow":["GET"]}}],"collection":[{"href":"https:\/\/trefimet.cl\/en\/wp-json\/wp\/v2\/pages"}],"about":[{"href":"https:\/\/trefimet.cl\/en\/wp-json\/wp\/v2\/types\/page"}],"author":[{"embeddable":true,"href":"https:\/\/trefimet.cl\/en\/wp-json\/wp\/v2\/users\/1"}],"replies":[{"embeddable":true,"href":"https:\/\/trefimet.cl\/en\/wp-json\/wp\/v2\/comments?post=3152"}],"version-history":[{"count":13,"href":"https:\/\/trefimet.cl\/en\/wp-json\/wp\/v2\/pages\/3152\/revisions"}],"predecessor-version":[{"id":3211,"href":"https:\/\/trefimet.cl\/en\/wp-json\/wp\/v2\/pages\/3152\/revisions\/3211"}],"wp:attachment":[{"href":"https:\/\/trefimet.cl\/en\/wp-json\/wp\/v2\/media?parent=3152"}],"curies":[{"name":"wp","href":"https:\/\/api.w.org\/{rel}","templated":true}]}}